{"id":36,"date":"2016-11-23T18:07:42","date_gmt":"2016-11-23T16:07:42","guid":{"rendered":"http:\/\/messukylantyovaentalo.fi\/?page_id=36"},"modified":"2018-02-06T11:01:30","modified_gmt":"2018-02-06T09:01:30","slug":"tietoja-talosta","status":"publish","type":"page","link":"https:\/\/messukylantyovaentalo.fi\/index.php\/tietoja-talosta\/","title":{"rendered":"Talon perustiedot"},"content":{"rendered":"<h3>Talon osoite:<\/h3>\n<p>Messukyl\u00e4nkatu 47<br \/>\n33700 TAMPERE<\/p>\n<p><iframe loading=\"lazy\" style=\"border: 0;\" src=\"https:\/\/www.google.com\/maps\/embed?pb=!1m18!1m12!1m3!1d1904.7990134528925!2d23.84966901637729!3d61.48329438246365!2m3!1f0!2f0!3f0!3m2!1i1024!2i768!4f13.1!3m3!1m2!1s0x468edf7f5cb06ce1%3A0xa607ca822efc9084!2sMessukyl%C3%A4nkatu+47%2C+33700+Tampere!5e0!3m2!1sfi!2sfi!4v1479916889211\" width=\"400\" height=\"250\" frameborder=\"0\" allowfullscreen=\"allowfullscreen\"><\/iframe><\/p>\n<p><strong>Kiinteist\u00f6vastaava<\/strong> (ei varauskyselyj\u00e4):<br \/>\nOlli Lindroos<br \/>\nollindroos@gmail.com<br \/>\npuh. 0500 900 563<\/p>\n<p>&nbsp;<\/p>\n<h3>Sali (150 m\u00b2)<\/h3>\n<ul>\n<li>tilaa 180 henkil\u00f6lle<\/li>\n<li>n\u00e4ytt\u00e4m\u00f6 esiintymist\u00e4 ja orkesteria varten<\/li>\n<\/ul>\n<h3>Ravintola<\/h3>\n<ul>\n<li>tilaa 50 henkil\u00f6lle<\/li>\n<li>tarjoilutiski<\/li>\n<li>keitti\u00f6ss\u00e4 60 cm:n kiertoilmauuni, astianpesukone ja runsaasti kylm\u00e4tilaa<\/li>\n<\/ul>\n<h3>Muut tilat<\/h3>\n<ul>\n<li>tilava aula<\/li>\n<li>vaates\u00e4ilytys n. 200 henkil\u00f6lle<\/li>\n<li>WC-tilat<\/li>\n<\/ul>\n<p>Rakennusvuosi: 1939<br \/>\nHuoneistoala: 939 m\u00b2<\/p>\n<h3>Katso esittelyvideo Youtubesta<\/h3>\n<p><iframe loading=\"lazy\" title=\"Juhlatila Messukyl\u00e4 Tampere Messukyl\u00e4n Ty\u00f6v\u00e4entalo Oy ...\" width=\"640\" height=\"360\" src=\"https:\/\/www.youtube.com\/embed\/FvErp_APUxg?feature=oembed\" frameborder=\"0\" allow=\"accelerometer; autoplay; clipboard-write; encrypted-media; gyroscope; picture-in-picture; web-share\" referrerpolicy=\"strict-origin-when-cross-origin\" allowfullscreen><\/iframe><\/p>\n<p>&nbsp;<\/p>\n<p>&nbsp;<\/p>\n","protected":false},"excerpt":{"rendered":"<p>Talon osoite: Messukyl\u00e4nkatu 47 33700 TAMPERE Kiinteist\u00f6vastaava (ei varauskyselyj\u00e4): Olli Lindroos ollindroos@gmail.com puh. 0500 900 563 &nbsp; Sali (150 m\u00b2) tilaa 180 henkil\u00f6lle n\u00e4ytt\u00e4m\u00f6 esiintymist\u00e4 ja orkesteria varten Ravintola tilaa 50 henkil\u00f6lle tarjoilutiski keitti\u00f6ss\u00e4 60 cm:n kiertoilmauuni, astianpesukone ja runsaasti [&hellip;]<\/p>\n","protected":false},"author":1,"featured_media":0,"parent":0,"menu_order":0,"comment_status":"closed","ping_status":"closed","template":"","meta":{"footnotes":""},"class_list":["post-36","page","type-page","status-publish","hentry","clearfix"],"_links":{"self":[{"href":"https:\/\/messukylantyovaentalo.fi\/index.php\/wp-json\/wp\/v2\/pages\/36","targetHints":{"allow":["GET"]}}],"collection":[{"href":"https:\/\/messukylantyovaentalo.fi\/index.php\/wp-json\/wp\/v2\/pages"}],"about":[{"href":"https:\/\/messukylantyovaentalo.fi\/index.php\/wp-json\/wp\/v2\/types\/page"}],"author":[{"embeddable":true,"href":"https:\/\/messukylantyovaentalo.fi\/index.php\/wp-json\/wp\/v2\/users\/1"}],"replies":[{"embeddable":true,"href":"https:\/\/messukylantyovaentalo.fi\/index.php\/wp-json\/wp\/v2\/comments?post=36"}],"version-history":[{"count":26,"href":"https:\/\/messukylantyovaentalo.fi\/index.php\/wp-json\/wp\/v2\/pages\/36\/revisions"}],"predecessor-version":[{"id":117,"href":"https:\/\/messukylantyovaentalo.fi\/index.php\/wp-json\/wp\/v2\/pages\/36\/revisions\/117"}],"wp:attachment":[{"href":"https:\/\/messukylantyovaentalo.fi\/index.php\/wp-json\/wp\/v2\/media?parent=36"}],"curies":[{"name":"wp","href":"https:\/\/api.w.org\/{rel}","templated":true}]}}