{"id":2,"date":"2016-10-30T13:01:37","date_gmt":"2016-10-30T11:01:37","guid":{"rendered":"http:\/\/messukylantyovaentalo.fi\/?page_id=2"},"modified":"2019-05-04T09:13:54","modified_gmt":"2019-05-04T06:13:54","slug":"esimerkkisivu","status":"publish","type":"page","link":"https:\/\/messukylantyovaentalo.fi\/","title":{"rendered":"Etusivu"},"content":{"rendered":"<p>Perinteik\u00e4s Messukyl\u00e4n ty\u00f6v\u00e4entalo sijaitsee Tampereella ja on suosittu juhla- ja kokouspaikka. Tutustu ja varaa!<\/p>\n<p><img loading=\"lazy\" decoding=\"async\" src=\"http:\/\/messukylantyovaentalo.fi\/wp-content\/uploads\/2016\/10\/talo4.jpg\" alt=\"\" width=\"800\" height=\"538\" class=\"alignnone size-full wp-image-76\" srcset=\"https:\/\/messukylantyovaentalo.fi\/wp-content\/uploads\/2016\/10\/talo4.jpg 800w, https:\/\/messukylantyovaentalo.fi\/wp-content\/uploads\/2016\/10\/talo4-300x202.jpg 300w, https:\/\/messukylantyovaentalo.fi\/wp-content\/uploads\/2016\/10\/talo4-768x516.jpg 768w, https:\/\/messukylantyovaentalo.fi\/wp-content\/uploads\/2016\/10\/talo4-700x471.jpg 700w, https:\/\/messukylantyovaentalo.fi\/wp-content\/uploads\/2016\/10\/talo4-520x350.jpg 520w, https:\/\/messukylantyovaentalo.fi\/wp-content\/uploads\/2016\/10\/talo4-360x242.jpg 360w, https:\/\/messukylantyovaentalo.fi\/wp-content\/uploads\/2016\/10\/talo4-250x168.jpg 250w, https:\/\/messukylantyovaentalo.fi\/wp-content\/uploads\/2016\/10\/talo4-100x67.jpg 100w\" sizes=\"auto, (max-width: 800px) 100vw, 800px\" \/><\/p>\n","protected":false},"excerpt":{"rendered":"<p>Perinteik\u00e4s Messukyl\u00e4n ty\u00f6v\u00e4entalo sijaitsee Tampereella ja on suosittu juhla- ja kokouspaikka. Tutustu ja varaa!<\/p>\n","protected":false},"author":4,"featured_media":0,"parent":0,"menu_order":0,"comment_status":"closed","ping_status":"open","template":"","meta":{"footnotes":""},"class_list":["post-2","page","type-page","status-publish","hentry","clearfix"],"_links":{"self":[{"href":"https:\/\/messukylantyovaentalo.fi\/index.php\/wp-json\/wp\/v2\/pages\/2","targetHints":{"allow":["GET"]}}],"collection":[{"href":"https:\/\/messukylantyovaentalo.fi\/index.php\/wp-json\/wp\/v2\/pages"}],"about":[{"href":"https:\/\/messukylantyovaentalo.fi\/index.php\/wp-json\/wp\/v2\/types\/page"}],"author":[{"embeddable":true,"href":"https:\/\/messukylantyovaentalo.fi\/index.php\/wp-json\/wp\/v2\/users\/4"}],"replies":[{"embeddable":true,"href":"https:\/\/messukylantyovaentalo.fi\/index.php\/wp-json\/wp\/v2\/comments?post=2"}],"version-history":[{"count":18,"href":"https:\/\/messukylantyovaentalo.fi\/index.php\/wp-json\/wp\/v2\/pages\/2\/revisions"}],"predecessor-version":[{"id":194,"href":"https:\/\/messukylantyovaentalo.fi\/index.php\/wp-json\/wp\/v2\/pages\/2\/revisions\/194"}],"wp:attachment":[{"href":"https:\/\/messukylantyovaentalo.fi\/index.php\/wp-json\/wp\/v2\/media?parent=2"}],"curies":[{"name":"wp","href":"https:\/\/api.w.org\/{rel}","templated":true}]}}