{"id":208,"date":"2021-10-04T19:30:15","date_gmt":"2021-10-04T16:30:15","guid":{"rendered":"http:\/\/messukylantyovaentalo.fi\/?page_id=208"},"modified":"2025-08-17T21:27:18","modified_gmt":"2025-08-17T18:27:18","slug":"tanssit","status":"publish","type":"page","link":"http:\/\/messukylantyovaentalo.fi\/index.php\/tanssit\/","title":{"rendered":"Tanssit"},"content":{"rendered":"<p style=\"text-align: center;\"><strong>MESSUKYL\u00c4SS\u00c4 TANSSITAAN!!<\/strong><\/p>\n<p style=\"text-align: center;\"><strong>ILOISET P\u00c4IV\u00c4TANSSIT, syksy 2025 <\/strong><\/p>\n<p style=\"text-align: center;\"><strong>Messukyl\u00e4n Ty\u00f6v\u00e4entalolla\u00a0<\/strong><\/p>\n<div>\n<div><\/div>\n<div><\/div>\n<div style=\"text-align: center;\">Syyskausi alkaa 10.9. klo 13.00-15.45.tanssittajana PEPE NIILAHTI,<\/div>\n<div style=\"text-align: center;\">ennen tansseja 11.30-12.40 tanssinopetus fusku, ESA JA KATI<\/div>\n<div style=\"text-align: center;\">Lipun hinta 14\u20ac, tanssinopetus kuuluu hintaan.<\/div>\n<div style=\"text-align: center;\"><\/div>\n<div style=\"text-align: center;\">PUFFETTI, TUNTI NAISILLE, ARVONTAA JA MUKAVAA TUNNELMAA,<\/div>\n<div style=\"text-align: center;\">TULE TANSSIMAAN PARHAALLE PARKETILLE.<\/div>\n<div style=\"text-align: center;\"><\/div>\n<div style=\"text-align: center;\">TANSSIT KESKIVIIKKOISIN!<\/div>\n<div style=\"text-align: center;\">&#8211; tiedot seuraavista tansseista, artisteista ja tanssin opetuksesta\u00a0l\u00f6yd\u00e4t sivuilta<\/div>\n<div style=\"text-align: center;\">\u00a0 <a href=\"http:\/\/loistovirma.com\/tanssit\" target=\"_blank\" rel=\"noopener\">loistovirma.com\/tanssit<\/a>.<\/div>\n<div style=\"text-align: center;\"><\/div>\n<div style=\"text-align: center;\">Bussit 4, 8, 40 tuovat perille ja parkkitilaa l\u00f6ytyy kirkkoa vastap\u00e4\u00e4t\u00e4.<\/div>\n<div style=\"text-align: center;\"><\/div>\n<div style=\"text-align: center;\">TERVETULOA!!<\/div>\n<\/div>\n","protected":false},"excerpt":{"rendered":"<p>MESSUKYL\u00c4SS\u00c4 TANSSITAAN!! ILOISET P\u00c4IV\u00c4TANSSIT, syksy 2025 Messukyl\u00e4n Ty\u00f6v\u00e4entalolla\u00a0 Syyskausi alkaa 10.9. klo 13.00-15.45.tanssittajana PEPE NIILAHTI, ennen tansseja 11.30-12.40 tanssinopetus fusku, ESA JA KATI Lipun hinta 14\u20ac, tanssinopetus kuuluu hintaan. PUFFETTI, TUNTI NAISILLE, ARVONTAA JA MUKAVAA TUNNELMAA, TULE TANSSIMAAN PARHAALLE PARKETILLE. [&hellip;]<\/p>\n","protected":false},"author":4,"featured_media":0,"parent":0,"menu_order":0,"comment_status":"closed","ping_status":"closed","template":"","meta":{"footnotes":""},"class_list":["post-208","page","type-page","status-publish","hentry","clearfix"],"_links":{"self":[{"href":"http:\/\/messukylantyovaentalo.fi\/index.php\/wp-json\/wp\/v2\/pages\/208","targetHints":{"allow":["GET"]}}],"collection":[{"href":"http:\/\/messukylantyovaentalo.fi\/index.php\/wp-json\/wp\/v2\/pages"}],"about":[{"href":"http:\/\/messukylantyovaentalo.fi\/index.php\/wp-json\/wp\/v2\/types\/page"}],"author":[{"embeddable":true,"href":"http:\/\/messukylantyovaentalo.fi\/index.php\/wp-json\/wp\/v2\/users\/4"}],"replies":[{"embeddable":true,"href":"http:\/\/messukylantyovaentalo.fi\/index.php\/wp-json\/wp\/v2\/comments?post=208"}],"version-history":[{"count":26,"href":"http:\/\/messukylantyovaentalo.fi\/index.php\/wp-json\/wp\/v2\/pages\/208\/revisions"}],"predecessor-version":[{"id":299,"href":"http:\/\/messukylantyovaentalo.fi\/index.php\/wp-json\/wp\/v2\/pages\/208\/revisions\/299"}],"wp:attachment":[{"href":"http:\/\/messukylantyovaentalo.fi\/index.php\/wp-json\/wp\/v2\/media?parent=208"}],"curies":[{"name":"wp","href":"https:\/\/api.w.org\/{rel}","templated":true}]}}